{"id":2,"date":"2022-02-07T13:07:37","date_gmt":"2022-02-07T12:07:37","guid":{"rendered":"http:\/\/studio-cd.pl\/?page_id=2"},"modified":"2022-02-09T15:38:39","modified_gmt":"2022-02-09T14:38:39","slug":"przykladowa-strona","status":"publish","type":"page","link":"https:\/\/studio-cd.pl\/","title":{"rendered":"Gdy chcesz wyrazi\u0107 siebie&#8230;"},"content":{"rendered":"\n<blockquote class=\"wp-block-quote is-style-large is-layout-flow wp-block-quote-is-layout-flow\"><p>Mo\u017cesz zrobi\u0107 to na wiele sposob\u00f3w:<\/p><\/blockquote>\n\n\n\n<blockquote class=\"wp-block-quote is-layout-flow wp-block-quote-is-layout-flow\"><p>Daj si\u0119 uchwyci\u0107 w obiektywie aparatu fotograficznego&#8230;<\/p><\/blockquote>\n\n\n\n<figure class=\"wp-block-gallery has-nested-images columns-default is-cropped wp-block-gallery-1 is-layout-flex wp-block-gallery-is-layout-flex\">\n<figure class=\"wp-block-image size-large\"><img loading=\"lazy\" decoding=\"async\" width=\"1024\" height=\"682\" data-id=\"55\" src=\"https:\/\/studio-cd.pl\/wp-content\/uploads\/2022\/02\/42575659_2448170878743275_2037993743235153920_n-1024x682.jpg\" alt=\"\" class=\"wp-image-55\" srcset=\"https:\/\/studio-cd.pl\/wp-content\/uploads\/2022\/02\/42575659_2448170878743275_2037993743235153920_n-1024x682.jpg 1024w, https:\/\/studio-cd.pl\/wp-content\/uploads\/2022\/02\/42575659_2448170878743275_2037993743235153920_n-300x200.jpg 300w, https:\/\/studio-cd.pl\/wp-content\/uploads\/2022\/02\/42575659_2448170878743275_2037993743235153920_n-768x512.jpg 768w, https:\/\/studio-cd.pl\/wp-content\/uploads\/2022\/02\/42575659_2448170878743275_2037993743235153920_n-1536x1024.jpg 1536w, https:\/\/studio-cd.pl\/wp-content\/uploads\/2022\/02\/42575659_2448170878743275_2037993743235153920_n.jpg 2003w\" sizes=\"auto, (max-width: 1024px) 100vw, 1024px\" \/><\/figure>\n\n\n\n<figure class=\"wp-block-image size-large\"><img loading=\"lazy\" decoding=\"async\" width=\"1024\" height=\"683\" data-id=\"56\" src=\"https:\/\/studio-cd.pl\/wp-content\/uploads\/2022\/02\/46503794_2484357015124661_2420964015535554560_n-1024x683.jpg\" alt=\"\" class=\"wp-image-56\" srcset=\"https:\/\/studio-cd.pl\/wp-content\/uploads\/2022\/02\/46503794_2484357015124661_2420964015535554560_n-1024x683.jpg 1024w, https:\/\/studio-cd.pl\/wp-content\/uploads\/2022\/02\/46503794_2484357015124661_2420964015535554560_n-300x200.jpg 300w, https:\/\/studio-cd.pl\/wp-content\/uploads\/2022\/02\/46503794_2484357015124661_2420964015535554560_n-768x512.jpg 768w, https:\/\/studio-cd.pl\/wp-content\/uploads\/2022\/02\/46503794_2484357015124661_2420964015535554560_n-1536x1024.jpg 1536w, https:\/\/studio-cd.pl\/wp-content\/uploads\/2022\/02\/46503794_2484357015124661_2420964015535554560_n.jpg 1875w\" sizes=\"auto, (max-width: 1024px) 100vw, 1024px\" \/><\/figure>\n\n\n\n<figure class=\"wp-block-image size-large\"><img loading=\"lazy\" decoding=\"async\" width=\"1024\" height=\"683\" data-id=\"57\" src=\"https:\/\/studio-cd.pl\/wp-content\/uploads\/2022\/02\/51078339_2535714416655587_6647110035484704768_n-1024x683.jpg\" alt=\"\" class=\"wp-image-57\" srcset=\"https:\/\/studio-cd.pl\/wp-content\/uploads\/2022\/02\/51078339_2535714416655587_6647110035484704768_n-1024x683.jpg 1024w, https:\/\/studio-cd.pl\/wp-content\/uploads\/2022\/02\/51078339_2535714416655587_6647110035484704768_n-300x200.jpg 300w, https:\/\/studio-cd.pl\/wp-content\/uploads\/2022\/02\/51078339_2535714416655587_6647110035484704768_n-768x512.jpg 768w, https:\/\/studio-cd.pl\/wp-content\/uploads\/2022\/02\/51078339_2535714416655587_6647110035484704768_n-1536x1025.jpg 1536w, https:\/\/studio-cd.pl\/wp-content\/uploads\/2022\/02\/51078339_2535714416655587_6647110035484704768_n.jpg 1793w\" sizes=\"auto, (max-width: 1024px) 100vw, 1024px\" \/><\/figure>\n\n\n\n<figure class=\"wp-block-image size-large\"><img loading=\"lazy\" decoding=\"async\" width=\"689\" height=\"1024\" data-id=\"58\" src=\"https:\/\/studio-cd.pl\/wp-content\/uploads\/2022\/02\/11779933_1789488284611541_1587253670226047872_o-689x1024.jpg\" alt=\"\" class=\"wp-image-58\" srcset=\"https:\/\/studio-cd.pl\/wp-content\/uploads\/2022\/02\/11779933_1789488284611541_1587253670226047872_o-689x1024.jpg 689w, https:\/\/studio-cd.pl\/wp-content\/uploads\/2022\/02\/11779933_1789488284611541_1587253670226047872_o-202x300.jpg 202w, https:\/\/studio-cd.pl\/wp-content\/uploads\/2022\/02\/11779933_1789488284611541_1587253670226047872_o-768x1142.jpg 768w, https:\/\/studio-cd.pl\/wp-content\/uploads\/2022\/02\/11779933_1789488284611541_1587253670226047872_o.jpg 838w\" sizes=\"auto, (max-width: 689px) 100vw, 689px\" \/><\/figure>\n\n\n\n<figure class=\"wp-block-image size-large\"><img loading=\"lazy\" decoding=\"async\" width=\"660\" height=\"1024\" data-id=\"59\" src=\"https:\/\/studio-cd.pl\/wp-content\/uploads\/2022\/02\/11779766_1789488217944881_485945096454078236_o-660x1024.jpg\" alt=\"\" class=\"wp-image-59\" srcset=\"https:\/\/studio-cd.pl\/wp-content\/uploads\/2022\/02\/11779766_1789488217944881_485945096454078236_o-660x1024.jpg 660w, https:\/\/studio-cd.pl\/wp-content\/uploads\/2022\/02\/11779766_1789488217944881_485945096454078236_o-193x300.jpg 193w, https:\/\/studio-cd.pl\/wp-content\/uploads\/2022\/02\/11779766_1789488217944881_485945096454078236_o.jpg 743w\" sizes=\"auto, (max-width: 660px) 100vw, 660px\" \/><\/figure>\n\n\n\n<figure class=\"wp-block-image size-large\"><img loading=\"lazy\" decoding=\"async\" width=\"662\" height=\"1021\" data-id=\"60\" src=\"https:\/\/studio-cd.pl\/wp-content\/uploads\/2022\/02\/11722641_1790162071210829_3621000181117004144_o.jpg\" alt=\"\" class=\"wp-image-60\" srcset=\"https:\/\/studio-cd.pl\/wp-content\/uploads\/2022\/02\/11722641_1790162071210829_3621000181117004144_o.jpg 662w, https:\/\/studio-cd.pl\/wp-content\/uploads\/2022\/02\/11722641_1790162071210829_3621000181117004144_o-195x300.jpg 195w\" sizes=\"auto, (max-width: 662px) 100vw, 662px\" \/><\/figure>\n\n\n\n<figure class=\"wp-block-image size-large\"><img loading=\"lazy\" decoding=\"async\" width=\"672\" height=\"1024\" data-id=\"61\" src=\"https:\/\/studio-cd.pl\/wp-content\/uploads\/2022\/02\/11722648_1790162034544166_6994502350371383491_o-672x1024.jpg\" alt=\"\" class=\"wp-image-61\" srcset=\"https:\/\/studio-cd.pl\/wp-content\/uploads\/2022\/02\/11722648_1790162034544166_6994502350371383491_o-672x1024.jpg 672w, https:\/\/studio-cd.pl\/wp-content\/uploads\/2022\/02\/11722648_1790162034544166_6994502350371383491_o-197x300.jpg 197w, https:\/\/studio-cd.pl\/wp-content\/uploads\/2022\/02\/11722648_1790162034544166_6994502350371383491_o-768x1169.jpg 768w, https:\/\/studio-cd.pl\/wp-content\/uploads\/2022\/02\/11722648_1790162034544166_6994502350371383491_o.jpg 790w\" sizes=\"auto, (max-width: 672px) 100vw, 672px\" \/><\/figure>\n<\/figure>\n","protected":false},"excerpt":{"rendered":"<p>Mo\u017cesz zrobi\u0107 to na wiele sposob\u00f3w: Daj si\u0119 uchwyci\u0107 w obiektywie aparatu fotograficznego&#8230;<\/p>\n","protected":false},"author":1,"featured_media":0,"parent":0,"menu_order":0,"comment_status":"closed","ping_status":"open","template":"","meta":{"footnotes":""},"class_list":["post-2","page","type-page","status-publish","hentry"],"_links":{"self":[{"href":"https:\/\/studio-cd.pl\/index.php?rest_route=\/wp\/v2\/pages\/2","targetHints":{"allow":["GET"]}}],"collection":[{"href":"https:\/\/studio-cd.pl\/index.php?rest_route=\/wp\/v2\/pages"}],"about":[{"href":"https:\/\/studio-cd.pl\/index.php?rest_route=\/wp\/v2\/types\/page"}],"author":[{"embeddable":true,"href":"https:\/\/studio-cd.pl\/index.php?rest_route=\/wp\/v2\/users\/1"}],"replies":[{"embeddable":true,"href":"https:\/\/studio-cd.pl\/index.php?rest_route=%2Fwp%2Fv2%2Fcomments&post=2"}],"version-history":[{"count":6,"href":"https:\/\/studio-cd.pl\/index.php?rest_route=\/wp\/v2\/pages\/2\/revisions"}],"predecessor-version":[{"id":82,"href":"https:\/\/studio-cd.pl\/index.php?rest_route=\/wp\/v2\/pages\/2\/revisions\/82"}],"wp:attachment":[{"href":"https:\/\/studio-cd.pl\/index.php?rest_route=%2Fwp%2Fv2%2Fmedia&parent=2"}],"curies":[{"name":"wp","href":"https:\/\/api.w.org\/{rel}","templated":true}]}}